{"id":200,"date":"2021-08-02T19:10:07","date_gmt":"2021-08-02T19:10:07","guid":{"rendered":"https:\/\/st-heinrichs-orden.von-sachsen.eu\/?page_id=200"},"modified":"2024-07-09T16:09:29","modified_gmt":"2024-07-09T16:09:29","slug":"impressum-2","status":"publish","type":"page","link":"https:\/\/st-heinrichs-orden.von-sachsen.eu\/es\/impressum-2\/","title":{"rendered":"Pie de imprenta"},"content":{"rendered":"<div data-elementor-type=\"wp-page\" data-elementor-id=\"200\" class=\"elementor elementor-200\" data-elementor-post-type=\"page\">\n\t\t\t\t\t\t<section class=\"elementor-section elementor-top-section elementor-element elementor-element-d925587 elementor-section-boxed elementor-section-height-default elementor-section-height-default\" data-id=\"d925587\" data-element_type=\"section\">\n\t\t\t\t\t\t<div class=\"elementor-container elementor-column-gap-default\">\n\t\t\t\t\t<div class=\"elementor-column elementor-col-100 elementor-top-column elementor-element elementor-element-ef9df9b\" data-id=\"ef9df9b\" data-element_type=\"column\">\n\t\t\t<div class=\"elementor-widget-wrap elementor-element-populated\">\n\t\t\t\t\t\t<div class=\"elementor-element elementor-element-1ce22c5 elementor-widget elementor-widget-heading\" data-id=\"1ce22c5\" data-element_type=\"widget\" data-widget_type=\"heading.default\">\n\t\t\t\t<div class=\"elementor-widget-container\">\n\t\t\t<style>\/*! elementor - v3.23.0 - 05-08-2024 *\/\n.elementor-heading-title{padding:0;margin:0;line-height:1}.elementor-widget-heading .elementor-heading-title[class*=elementor-size-]>a{color:inherit;font-size:inherit;line-height:inherit}.elementor-widget-heading .elementor-heading-title.elementor-size-small{font-size:15px}.elementor-widget-heading .elementor-heading-title.elementor-size-medium{font-size:19px}.elementor-widget-heading .elementor-heading-title.elementor-size-large{font-size:29px}.elementor-widget-heading .elementor-heading-title.elementor-size-xl{font-size:39px}.elementor-widget-heading .elementor-heading-title.elementor-size-xxl{font-size:59px}<\/style><h2 class=\"elementor-heading-title elementor-size-default\">Pie de imprenta<\/h2>\t\t<\/div>\n\t\t\t\t<\/div>\n\t\t\t\t<div class=\"elementor-element elementor-element-734cd30 elementor-widget elementor-widget-text-editor\" data-id=\"734cd30\" data-element_type=\"widget\" data-widget_type=\"text-editor.default\">\n\t\t\t\t<div class=\"elementor-widget-container\">\n\t\t\t<style>\/*! elementor - v3.23.0 - 05-08-2024 *\/\n.elementor-widget-text-editor.elementor-drop-cap-view-stacked .elementor-drop-cap{background-color:#69727d;color:#fff}.elementor-widget-text-editor.elementor-drop-cap-view-framed .elementor-drop-cap{color:#69727d;border:3px solid;background-color:transparent}.elementor-widget-text-editor:not(.elementor-drop-cap-view-default) .elementor-drop-cap{margin-top:8px}.elementor-widget-text-editor:not(.elementor-drop-cap-view-default) .elementor-drop-cap-letter{width:1em;height:1em}.elementor-widget-text-editor .elementor-drop-cap{float:left;text-align:center;line-height:1;font-size:50px}.elementor-widget-text-editor .elementor-drop-cap-letter{display:inline-block}<\/style>\t\t\t\t<p>Orden de San Enrique, e. V.<br \/>a\/c Niles Simmons Hegenscheidt<br \/>Zwickauer Str. 355,<br \/>09117 Chemnitz<\/p><p>Tel: <a href=\"tel: 00493718020\">+49 (0) 371 8020<\/a><br \/>correo electr\u00f3nico: <a href=\"mailto:saxemex@gmail.com\">saxemex@gmail.com<\/a><br \/>Internet: <a href=\"https:\/\/st-heinrichs-orden.von-sachsen.eu\/es\/\">www.St-heinrichs-orden.von-sachsen.eu<\/a><\/p><p>Consejo de Administraci\u00f3n autorizado a representar a la empresa:<br \/>Alejandro Pr\u00edncipe de Sajonia (Presidente),<br \/>Dr. E.h. Hans J. Naumann (Vicepresidente), Dra. Gundela Metz (Tesorera), Claus Ellrich (Secretario)<br \/>Inscrita en el registro de asociaciones del Juzgado de Primera Instancia de Bamberg con el n\u00famero VR 648<\/p><p>N\u00famero de identificaci\u00f3n fiscal: Reconocida por la Agencia Tributaria de Dresde-S\u00fcd con la referencia 203\/142 \/09649 como organizaci\u00f3n sin \u00e1nimo de lucro de conformidad con el art\u00edculo 52, apartado 2, frase 1, n.\u00ba 22 de la AO y, por tanto, exenta del impuesto de sociedades de conformidad con el art\u00edculo 35, apartado 1, n.\u00ba 9 de la KStG y del impuesto sobre actividades econ\u00f3micas de conformidad con el art\u00edculo 3, n.\u00ba 6 de la GewStG.<br \/>Responsable del contenido seg\u00fan \u00a7 10 Abs. 3 MDStV: Claus Ellrich<br \/>Fotos: Familia de Sajonia<br \/>Descargo de responsabilidad:<br \/>Sankt Heinrichsorden, e.V. comprueba constantemente el contenido de su sitio web. No obstante, los datos pueden haber cambiado entretanto. Por lo tanto, no se asume ninguna responsabilidad ni garant\u00eda por la actualidad, exactitud e integridad de la informaci\u00f3n aqu\u00ed facilitada.<br \/>Heinrichsorden, e.V. no se hace responsable del contenido de los sitios web a los que se hace referencia mediante hiperv\u00ednculos.<br \/>Heinrichsorden, e.V. se reserva el derecho a realizar cambios o adiciones a la informaci\u00f3n proporcionada.<br \/>El contenido y la estructura del sitio web de St. Heinrichsorden, e.V. est\u00e1n protegidos por derechos de autor. La reproducci\u00f3n de informaci\u00f3n o datos, en particular el uso de textos, partes de textos o im\u00e1genes, requiere el consentimiento previo de St. Heinrichsorden, e.V.<\/p>\t\t\t\t\t\t<\/div>\n\t\t\t\t<\/div>\n\t\t\t\t\t<\/div>\n\t\t<\/div>\n\t\t\t\t\t<\/div>\n\t\t<\/section>\n\t\t\t\t<\/div>","protected":false},"excerpt":{"rendered":"<p>Pie de imprenta St. Heinrichsorden, e. V.c\/o Niles Simmons HegenscheidtZwickauer Str. 355,09117 Chemnitz Tel.: +49 (0) 371 8020E-Mail: saxemex@gmail.comInternet: www.St-heinrichs-orden.von-sachsen.eu Junta de representantes autorizados:Alexander Prinz von Sachsen (Presidente),Dr.. E.h. Hans J. Naumann (Vicepresidente), Dr. Gundela Metz (Tesorero), Claus Ellrich (Secretario)Inscrita en el registro de asociaciones del Juzgado de Primera Instancia de Bamberg con el VR 648 N\u00famero de identificaci\u00f3n fiscal: Inscrita en la Delegaci\u00f3n de Hacienda de Dresde-S\u00fcd con la ref. 203\/142 \/09649 como asociaci\u00f3n sin \u00e1nimo de lucro seg\u00fan [...].<\/p>","protected":false},"author":1,"featured_media":0,"parent":0,"menu_order":0,"comment_status":"closed","ping_status":"closed","template":"elementor_header_footer","meta":{"footnotes":""},"class_list":["post-200","page","type-page","status-publish","hentry"],"_links":{"self":[{"href":"https:\/\/st-heinrichs-orden.von-sachsen.eu\/es\/wp-json\/wp\/v2\/pages\/200","targetHints":{"allow":["GET"]}}],"collection":[{"href":"https:\/\/st-heinrichs-orden.von-sachsen.eu\/es\/wp-json\/wp\/v2\/pages"}],"about":[{"href":"https:\/\/st-heinrichs-orden.von-sachsen.eu\/es\/wp-json\/wp\/v2\/types\/page"}],"author":[{"embeddable":true,"href":"https:\/\/st-heinrichs-orden.von-sachsen.eu\/es\/wp-json\/wp\/v2\/users\/1"}],"replies":[{"embeddable":true,"href":"https:\/\/st-heinrichs-orden.von-sachsen.eu\/es\/wp-json\/wp\/v2\/comments?post=200"}],"version-history":[{"count":0,"href":"https:\/\/st-heinrichs-orden.von-sachsen.eu\/es\/wp-json\/wp\/v2\/pages\/200\/revisions"}],"wp:attachment":[{"href":"https:\/\/st-heinrichs-orden.von-sachsen.eu\/es\/wp-json\/wp\/v2\/media?parent=200"}],"curies":[{"name":"wp","href":"https:\/\/api.w.org\/{rel}","templated":true}]}}