{"id":26,"date":"2021-08-01T20:48:12","date_gmt":"2021-08-01T20:48:12","guid":{"rendered":"https:\/\/st-heinrichs-orden.von-sachsen.eu\/?page_id=26"},"modified":"2024-07-09T16:22:27","modified_gmt":"2024-07-09T16:22:27","slug":"geschichte","status":"publish","type":"page","link":"https:\/\/st-heinrichs-orden.von-sachsen.eu\/es\/geschichte\/","title":{"rendered":"Historia"},"content":{"rendered":"<div data-elementor-type=\"wp-page\" data-elementor-id=\"26\" class=\"elementor elementor-26\" data-elementor-post-type=\"page\">\n\t\t\t\t\t\t<section class=\"elementor-section elementor-top-section elementor-element elementor-element-982dae8 elementor-section-boxed elementor-section-height-default elementor-section-height-default\" data-id=\"982dae8\" data-element_type=\"section\">\n\t\t\t\t\t\t<div class=\"elementor-container elementor-column-gap-default\">\n\t\t\t\t\t<div class=\"elementor-column elementor-col-50 elementor-top-column elementor-element elementor-element-76379c1\" data-id=\"76379c1\" data-element_type=\"column\">\n\t\t\t<div class=\"elementor-widget-wrap elementor-element-populated\">\n\t\t\t\t\t\t<section class=\"elementor-section elementor-inner-section elementor-element elementor-element-9e741fe elementor-section-boxed elementor-section-height-default elementor-section-height-default\" data-id=\"9e741fe\" data-element_type=\"section\">\n\t\t\t\t\t\t<div class=\"elementor-container elementor-column-gap-default\">\n\t\t\t\t\t<div class=\"elementor-column elementor-col-50 elementor-inner-column elementor-element elementor-element-8d1c806\" data-id=\"8d1c806\" data-element_type=\"column\">\n\t\t\t<div class=\"elementor-widget-wrap elementor-element-populated\">\n\t\t\t\t\t\t<div class=\"elementor-element elementor-element-558f77c elementor-widget elementor-widget-image\" data-id=\"558f77c\" data-element_type=\"widget\" data-widget_type=\"image.default\">\n\t\t\t\t<div class=\"elementor-widget-container\">\n\t\t\t<style>\/*! elementor - v3.23.0 - 05-08-2024 *\/\n.elementor-widget-image{text-align:center}.elementor-widget-image a{display:inline-block}.elementor-widget-image a img[src$=\".svg\"]{width:48px}.elementor-widget-image img{vertical-align:middle;display:inline-block}<\/style>\t\t\t\t\t\t\t\t\t\t<img decoding=\"async\" width=\"22\" height=\"30\" src=\"https:\/\/st-heinrichs-orden.von-sachsen.eu\/wp-content\/uploads\/2021\/10\/stheinrich_icon_2.png\" class=\"attachment-large size-large wp-image-236\" alt=\"\" \/>\t\t\t\t\t\t\t\t\t\t\t\t\t<\/div>\n\t\t\t\t<\/div>\n\t\t\t\t\t<\/div>\n\t\t<\/div>\n\t\t\t\t<div class=\"elementor-column elementor-col-50 elementor-inner-column elementor-element elementor-element-d685b58\" data-id=\"d685b58\" data-element_type=\"column\">\n\t\t\t<div class=\"elementor-widget-wrap elementor-element-populated\">\n\t\t\t\t\t\t<div class=\"elementor-element elementor-element-74c0b93 elementor-widget elementor-widget-heading\" data-id=\"74c0b93\" data-element_type=\"widget\" data-widget_type=\"heading.default\">\n\t\t\t\t<div class=\"elementor-widget-container\">\n\t\t\t<style>\/*! elementor - v3.23.0 - 05-08-2024 *\/\n.elementor-heading-title{padding:0;margin:0;line-height:1}.elementor-widget-heading .elementor-heading-title[class*=elementor-size-]>a{color:inherit;font-size:inherit;line-height:inherit}.elementor-widget-heading .elementor-heading-title.elementor-size-small{font-size:15px}.elementor-widget-heading .elementor-heading-title.elementor-size-medium{font-size:19px}.elementor-widget-heading .elementor-heading-title.elementor-size-large{font-size:29px}.elementor-widget-heading .elementor-heading-title.elementor-size-xl{font-size:39px}.elementor-widget-heading .elementor-heading-title.elementor-size-xxl{font-size:59px}<\/style><h1 class=\"elementor-heading-title elementor-size-default\">Sobre la orden<\/h1>\t\t<\/div>\n\t\t\t\t<\/div>\n\t\t\t\t\t<\/div>\n\t\t<\/div>\n\t\t\t\t\t<\/div>\n\t\t<\/section>\n\t\t\t\t<div class=\"elementor-element elementor-element-fd929ff elementor-widget elementor-widget-text-editor\" data-id=\"fd929ff\" data-element_type=\"widget\" data-widget_type=\"text-editor.default\">\n\t\t\t\t<div class=\"elementor-widget-container\">\n\t\t\t<style>\/*! elementor - v3.23.0 - 05-08-2024 *\/\n.elementor-widget-text-editor.elementor-drop-cap-view-stacked .elementor-drop-cap{background-color:#69727d;color:#fff}.elementor-widget-text-editor.elementor-drop-cap-view-framed .elementor-drop-cap{color:#69727d;border:3px solid;background-color:transparent}.elementor-widget-text-editor:not(.elementor-drop-cap-view-default) .elementor-drop-cap{margin-top:8px}.elementor-widget-text-editor:not(.elementor-drop-cap-view-default) .elementor-drop-cap-letter{width:1em;height:1em}.elementor-widget-text-editor .elementor-drop-cap{float:left;text-align:center;line-height:1;font-size:50px}.elementor-widget-text-editor .elementor-drop-cap-letter{display:inline-block}<\/style>\t\t\t\t<p>El t\u00e9rmino \"Orden\" tiene sus ra\u00edces hist\u00f3ricas en la Alta Edad Media del Occidente Cristiano. La asociaci\u00f3n de nobles hombres de armas (caballeros) ten\u00eda como tarea principal la protecci\u00f3n de los peregrinos en su viaje a Tierra Santa. A finales de la Edad Media y con el fin de la \u00e9poca de las Cruzadas, se desarrollaron las llamadas \u00f3rdenes cortesanas de caballer\u00eda a partir de las \u00f3rdenes eclesi\u00e1sticas de caballer\u00eda, a trav\u00e9s de las cuales los pr\u00edncipes y reyes, como benefactores, vinculaban m\u00e1s estrechamente a los miembros. Hoy en d\u00eda, muchas \u00f3rdenes act\u00faan de forma caritativa o sin \u00e1nimo de lucro y demuestran, a trav\u00e9s del trabajo voluntario, la sostenibilidad de los valores tradicionales, tambi\u00e9n cristiano-occidentales, como alternativa al lucro a corto plazo.<\/p><p>Para continuar y preservar la tradici\u00f3n de la orden fundada en 1736 tras el fin de la monarqu\u00eda en Sajonia, casi 300 condecorados de la Orden de San Enrique y de la Medalla de San Enrique que hab\u00edan sido condecorados en la Primera Guerra Mundial se reunieron en Bamberg ya en 1959 para formar la \"Convenci\u00f3n de la Real Orden Militar Sajona de San Enrique\" bajo la \"dignidad de Gran Maestre\" del Margrave Friedrich Christian. En 1975, el Margrave Maria Emanuel fund\u00f3 la \"Verein der St. Heinrichs-Nadeltr\u00e4ger\" y en 1985 la asociaci\u00f3n \"St.-Heinrich-Orden e.V. Bamberg\", que sigue existiendo en la actualidad. Con la fundaci\u00f3n de la asociaci\u00f3n, las tradiciones del convento de la Kgl. Con la fundaci\u00f3n de la asociaci\u00f3n, las tradiciones del convento de la Orden Militar de San Enrique pasaron a los portadores de la insignia de San Enrique y, por tanto, tambi\u00e9n a la Orden de San Enrique e.V.<\/p>\t\t\t\t\t\t<\/div>\n\t\t\t\t<\/div>\n\t\t\t\t\t<\/div>\n\t\t<\/div>\n\t\t\t\t<div class=\"elementor-column elementor-col-50 elementor-top-column elementor-element elementor-element-30b281f\" data-id=\"30b281f\" data-element_type=\"column\">\n\t\t\t<div class=\"elementor-widget-wrap elementor-element-populated\">\n\t\t\t\t\t\t<div class=\"elementor-element elementor-element-9bc93ba elementor-widget elementor-widget-image\" data-id=\"9bc93ba\" data-element_type=\"widget\" data-widget_type=\"image.default\">\n\t\t\t\t<div class=\"elementor-widget-container\">\n\t\t\t\t\t\t\t\t\t\t\t\t\t<img fetchpriority=\"high\" decoding=\"async\" width=\"1082\" height=\"1395\" src=\"https:\/\/st-heinrichs-orden.von-sachsen.eu\/wp-content\/uploads\/2021\/10\/august-II..jpg\" class=\"attachment-large size-large wp-image-407\" alt=\"\" srcset=\"https:\/\/st-heinrichs-orden.von-sachsen.eu\/wp-content\/uploads\/2021\/10\/august-II..jpg 1082w, https:\/\/st-heinrichs-orden.von-sachsen.eu\/wp-content\/uploads\/2021\/10\/august-II.-768x990.jpg 768w\" sizes=\"(max-width: 1082px) 100vw, 1082px\" \/>\t\t\t\t\t\t\t\t\t\t\t\t\t<\/div>\n\t\t\t\t<\/div>\n\t\t\t\t\t<\/div>\n\t\t<\/div>\n\t\t\t\t\t<\/div>\n\t\t<\/section>\n\t\t\t\t<section class=\"elementor-section elementor-top-section elementor-element elementor-element-775f5ca elementor-section-boxed elementor-section-height-default elementor-section-height-default\" data-id=\"775f5ca\" data-element_type=\"section\">\n\t\t\t\t\t\t<div class=\"elementor-container elementor-column-gap-default\">\n\t\t\t\t\t<div class=\"elementor-column elementor-col-100 elementor-top-column elementor-element elementor-element-b2da2b2\" data-id=\"b2da2b2\" data-element_type=\"column\">\n\t\t\t<div class=\"elementor-widget-wrap elementor-element-populated\">\n\t\t\t\t\t\t<section class=\"elementor-section elementor-inner-section elementor-element elementor-element-1525fc4 elementor-section-boxed elementor-section-height-default elementor-section-height-default\" data-id=\"1525fc4\" data-element_type=\"section\">\n\t\t\t\t\t\t<div class=\"elementor-container elementor-column-gap-default\">\n\t\t\t\t\t<div class=\"elementor-column elementor-col-50 elementor-inner-column elementor-element elementor-element-c2d17b3\" data-id=\"c2d17b3\" data-element_type=\"column\">\n\t\t\t<div class=\"elementor-widget-wrap elementor-element-populated\">\n\t\t\t\t\t\t<div class=\"elementor-element elementor-element-5cfb5ae elementor-widget elementor-widget-image\" data-id=\"5cfb5ae\" data-element_type=\"widget\" data-widget_type=\"image.default\">\n\t\t\t\t<div class=\"elementor-widget-container\">\n\t\t\t\t\t\t\t\t\t\t\t\t\t<img decoding=\"async\" width=\"22\" height=\"30\" src=\"https:\/\/st-heinrichs-orden.von-sachsen.eu\/wp-content\/uploads\/2021\/10\/stheinrich_icon_2.png\" class=\"attachment-large size-large wp-image-236\" alt=\"\" \/>\t\t\t\t\t\t\t\t\t\t\t\t\t<\/div>\n\t\t\t\t<\/div>\n\t\t\t\t\t<\/div>\n\t\t<\/div>\n\t\t\t\t<div class=\"elementor-column elementor-col-50 elementor-inner-column elementor-element elementor-element-b6a38ac\" data-id=\"b6a38ac\" data-element_type=\"column\">\n\t\t\t<div class=\"elementor-widget-wrap elementor-element-populated\">\n\t\t\t\t\t\t<div class=\"elementor-element elementor-element-7e5b21e elementor-widget elementor-widget-heading\" data-id=\"7e5b21e\" data-element_type=\"widget\" data-widget_type=\"heading.default\">\n\t\t\t\t<div class=\"elementor-widget-container\">\n\t\t\t<h2 class=\"elementor-heading-title elementor-size-default\">Investidura<\/h2>\t\t<\/div>\n\t\t\t\t<\/div>\n\t\t\t\t\t<\/div>\n\t\t<\/div>\n\t\t\t\t\t<\/div>\n\t\t<\/section>\n\t\t\t\t<div class=\"elementor-element elementor-element-18db193 elementor-widget elementor-widget-text-editor\" data-id=\"18db193\" data-element_type=\"widget\" data-widget_type=\"text-editor.default\">\n\t\t\t\t<div class=\"elementor-widget-container\">\n\t\t\t\t\t\t\t<p>El c\u00edrculo de la Orden de San Heinrich est\u00e1 limitado a 30 caballeros y 6 caballeros comandantes. La admisi\u00f3n en la Orden se realiza por decisi\u00f3n del Consejo Ejecutivo. La Orden selecciona deliberadamente para su admisi\u00f3n a aquellas personalidades que han demostrado a trav\u00e9s de sus acciones y su trayectoria vital estar en consonancia con el lema y la declaraci\u00f3n de misi\u00f3n de la Orden.<\/p><p>No existe derecho de admisi\u00f3n en la Orden.<\/p>\t\t\t\t\t\t<\/div>\n\t\t\t\t<\/div>\n\t\t\t\t\t<\/div>\n\t\t<\/div>\n\t\t\t\t\t<\/div>\n\t\t<\/section>\n\t\t\t\t<section class=\"elementor-section elementor-top-section elementor-element elementor-element-79ed887 elementor-section-boxed elementor-section-height-default elementor-section-height-default\" data-id=\"79ed887\" data-element_type=\"section\" data-settings=\"{&quot;background_background&quot;:&quot;classic&quot;}\">\n\t\t\t\t\t\t<div class=\"elementor-container elementor-column-gap-default\">\n\t\t\t\t\t<div class=\"elementor-column elementor-col-50 elementor-top-column elementor-element elementor-element-25b2586\" data-id=\"25b2586\" data-element_type=\"column\" data-settings=\"{&quot;background_background&quot;:&quot;classic&quot;}\">\n\t\t\t<div class=\"elementor-widget-wrap elementor-element-populated\">\n\t\t\t\t\t\t<div class=\"elementor-element elementor-element-b28068e elementor-widget elementor-widget-spacer\" data-id=\"b28068e\" data-element_type=\"widget\" data-widget_type=\"spacer.default\">\n\t\t\t\t<div class=\"elementor-widget-container\">\n\t\t\t<style>\/*! elementor - v3.23.0 - 05-08-2024 *\/\n.elementor-column .elementor-spacer-inner{height:var(--spacer-size)}.e-con{--container-widget-width:100%}.e-con-inner>.elementor-widget-spacer,.e-con>.elementor-widget-spacer{width:var(--container-widget-width,var(--spacer-size));--align-self:var(--container-widget-align-self,initial);--flex-shrink:0}.e-con-inner>.elementor-widget-spacer>.elementor-widget-container,.e-con>.elementor-widget-spacer>.elementor-widget-container{height:100%;width:100%}.e-con-inner>.elementor-widget-spacer>.elementor-widget-container>.elementor-spacer,.e-con>.elementor-widget-spacer>.elementor-widget-container>.elementor-spacer{height:100%}.e-con-inner>.elementor-widget-spacer>.elementor-widget-container>.elementor-spacer>.elementor-spacer-inner,.e-con>.elementor-widget-spacer>.elementor-widget-container>.elementor-spacer>.elementor-spacer-inner{height:var(--container-widget-height,var(--spacer-size))}.e-con-inner>.elementor-widget-spacer.elementor-widget-empty,.e-con>.elementor-widget-spacer.elementor-widget-empty{position:relative;min-height:22px;min-width:22px}.e-con-inner>.elementor-widget-spacer.elementor-widget-empty .elementor-widget-empty-icon,.e-con>.elementor-widget-spacer.elementor-widget-empty .elementor-widget-empty-icon{position:absolute;top:0;bottom:0;left:0;right:0;margin:auto;padding:0;width:22px;height:22px}<\/style>\t\t<div class=\"elementor-spacer\">\n\t\t\t<div class=\"elementor-spacer-inner\"><\/div>\n\t\t<\/div>\n\t\t\t\t<\/div>\n\t\t\t\t<\/div>\n\t\t\t\t\t<\/div>\n\t\t<\/div>\n\t\t\t\t<div class=\"elementor-column elementor-col-50 elementor-top-column elementor-element elementor-element-c66e8ef\" data-id=\"c66e8ef\" data-element_type=\"column\">\n\t\t\t<div class=\"elementor-widget-wrap elementor-element-populated\">\n\t\t\t\t\t\t<section class=\"elementor-section elementor-inner-section elementor-element elementor-element-f38af1a elementor-section-boxed elementor-section-height-default elementor-section-height-default\" data-id=\"f38af1a\" data-element_type=\"section\">\n\t\t\t\t\t\t<div class=\"elementor-container elementor-column-gap-default\">\n\t\t\t\t\t<div class=\"elementor-column elementor-col-50 elementor-inner-column elementor-element elementor-element-778711a\" data-id=\"778711a\" data-element_type=\"column\">\n\t\t\t<div class=\"elementor-widget-wrap elementor-element-populated\">\n\t\t\t\t\t\t<div class=\"elementor-element elementor-element-c3d3a10 elementor-widget elementor-widget-image\" data-id=\"c3d3a10\" data-element_type=\"widget\" data-widget_type=\"image.default\">\n\t\t\t\t<div class=\"elementor-widget-container\">\n\t\t\t\t\t\t\t\t\t\t\t\t\t<img decoding=\"async\" width=\"22\" height=\"30\" src=\"https:\/\/st-heinrichs-orden.von-sachsen.eu\/wp-content\/uploads\/2021\/10\/stheinrich_icon_2.png\" class=\"attachment-large size-large wp-image-236\" alt=\"\" \/>\t\t\t\t\t\t\t\t\t\t\t\t\t<\/div>\n\t\t\t\t<\/div>\n\t\t\t\t\t<\/div>\n\t\t<\/div>\n\t\t\t\t<div class=\"elementor-column elementor-col-50 elementor-inner-column elementor-element elementor-element-a818805\" data-id=\"a818805\" data-element_type=\"column\">\n\t\t\t<div class=\"elementor-widget-wrap elementor-element-populated\">\n\t\t\t\t\t\t<div class=\"elementor-element elementor-element-4d3e6a5 elementor-widget elementor-widget-heading\" data-id=\"4d3e6a5\" data-element_type=\"widget\" data-widget_type=\"heading.default\">\n\t\t\t\t<div class=\"elementor-widget-container\">\n\t\t\t<h2 class=\"elementor-heading-title elementor-size-default\">Alfiler de San Heinrich<\/h2>\t\t<\/div>\n\t\t\t\t<\/div>\n\t\t\t\t\t<\/div>\n\t\t<\/div>\n\t\t\t\t\t<\/div>\n\t\t<\/section>\n\t\t\t\t<div class=\"elementor-element elementor-element-adf3f3f elementor-widget elementor-widget-text-editor\" data-id=\"adf3f3f\" data-element_type=\"widget\" data-widget_type=\"text-editor.default\">\n\t\t\t\t<div class=\"elementor-widget-container\">\n\t\t\t\t\t\t\t<p>El fin del Reino de Sajonia en 1918 y la entrada en vigor de la Constituci\u00f3n de Weimar en 1919 marcaron el final de la historia de la Orden Militar de San Enrique, que dej\u00f3 de concederse. Le sigui\u00f3 el \"Pin de San Heinrich\", instituido el 31 de diciembre de 1963 con motivo del 70 cumplea\u00f1os del Margrave Friedrich Christian von Meissen como \"Clase de la Paz\" de la Orden. Siguiendo la larga tradici\u00f3n de las casas reinantes alemanas, el santo patr\u00f3n es Enrique IV (duque de Baviera de 995 a 1004 y de 1009 a 1017), que como Enrique II fue rey del Imperio de Franconia Oriental de 1002 a 1024 y emperador del Sacro Imperio Romano Germ\u00e1nico de 1014 a 1024.<\/p>\t\t\t\t\t\t<\/div>\n\t\t\t\t<\/div>\n\t\t\t\t\t<\/div>\n\t\t<\/div>\n\t\t\t\t\t<\/div>\n\t\t<\/section>\n\t\t\t\t<\/div>","protected":false},"excerpt":{"rendered":"<p>Historia de la Orden Fundada por el Elector Federico Augusto II de Sajonia (Rey Augusto III de Polonia) (*1696 - \u20201763) el 7 de octubre de 1736, la Orden Militar de San Enrique fue un reconocimiento al valor militar poco frecuente hasta 1807. No fue hasta despu\u00e9s de las guerras napole\u00f3nicas cuando se refund\u00f3 la orden y el 23 de diciembre de 1829, el rey Ant\u00f3n von [...]<\/p>","protected":false},"author":1,"featured_media":0,"parent":0,"menu_order":0,"comment_status":"closed","ping_status":"closed","template":"elementor_header_footer","meta":{"footnotes":""},"class_list":["post-26","page","type-page","status-publish","hentry"],"_links":{"self":[{"href":"https:\/\/st-heinrichs-orden.von-sachsen.eu\/es\/wp-json\/wp\/v2\/pages\/26","targetHints":{"allow":["GET"]}}],"collection":[{"href":"https:\/\/st-heinrichs-orden.von-sachsen.eu\/es\/wp-json\/wp\/v2\/pages"}],"about":[{"href":"https:\/\/st-heinrichs-orden.von-sachsen.eu\/es\/wp-json\/wp\/v2\/types\/page"}],"author":[{"embeddable":true,"href":"https:\/\/st-heinrichs-orden.von-sachsen.eu\/es\/wp-json\/wp\/v2\/users\/1"}],"replies":[{"embeddable":true,"href":"https:\/\/st-heinrichs-orden.von-sachsen.eu\/es\/wp-json\/wp\/v2\/comments?post=26"}],"version-history":[{"count":0,"href":"https:\/\/st-heinrichs-orden.von-sachsen.eu\/es\/wp-json\/wp\/v2\/pages\/26\/revisions"}],"wp:attachment":[{"href":"https:\/\/st-heinrichs-orden.von-sachsen.eu\/es\/wp-json\/wp\/v2\/media?parent=26"}],"curies":[{"name":"wp","href":"https:\/\/api.w.org\/{rel}","templated":true}]}}