{"id":28,"date":"2021-08-01T20:48:38","date_gmt":"2021-08-01T20:48:38","guid":{"rendered":"https:\/\/st-heinrichs-orden.von-sachsen.eu\/?page_id=28"},"modified":"2024-07-09T17:01:04","modified_gmt":"2024-07-09T17:01:04","slug":"st-heinrich","status":"publish","type":"page","link":"https:\/\/st-heinrichs-orden.von-sachsen.eu\/es\/st-heinrich\/","title":{"rendered":"San Enrique"},"content":{"rendered":"<div data-elementor-type=\"wp-page\" data-elementor-id=\"28\" class=\"elementor elementor-28\" data-elementor-post-type=\"page\">\n\t\t\t\t\t\t<section class=\"elementor-section elementor-top-section elementor-element elementor-element-5e6a49d elementor-section-boxed elementor-section-height-default elementor-section-height-default\" data-id=\"5e6a49d\" data-element_type=\"section\">\n\t\t\t\t\t\t<div class=\"elementor-container elementor-column-gap-default\">\n\t\t\t\t\t<div class=\"elementor-column elementor-col-50 elementor-top-column elementor-element elementor-element-bca0689\" data-id=\"bca0689\" data-element_type=\"column\">\n\t\t\t<div class=\"elementor-widget-wrap elementor-element-populated\">\n\t\t\t\t\t\t<section class=\"elementor-section elementor-inner-section elementor-element elementor-element-61d7839 elementor-section-boxed elementor-section-height-default elementor-section-height-default\" data-id=\"61d7839\" data-element_type=\"section\">\n\t\t\t\t\t\t<div class=\"elementor-container elementor-column-gap-default\">\n\t\t\t\t\t<div class=\"elementor-column elementor-col-50 elementor-inner-column elementor-element elementor-element-9e915e2\" data-id=\"9e915e2\" data-element_type=\"column\">\n\t\t\t<div class=\"elementor-widget-wrap elementor-element-populated\">\n\t\t\t\t\t\t<div class=\"elementor-element elementor-element-64a6555 elementor-widget elementor-widget-image\" data-id=\"64a6555\" data-element_type=\"widget\" data-widget_type=\"image.default\">\n\t\t\t\t<div class=\"elementor-widget-container\">\n\t\t\t<style>\/*! elementor - v3.23.0 - 05-08-2024 *\/\n.elementor-widget-image{text-align:center}.elementor-widget-image a{display:inline-block}.elementor-widget-image a img[src$=\".svg\"]{width:48px}.elementor-widget-image img{vertical-align:middle;display:inline-block}<\/style>\t\t\t\t\t\t\t\t\t\t<img decoding=\"async\" width=\"22\" height=\"30\" src=\"https:\/\/st-heinrichs-orden.von-sachsen.eu\/wp-content\/uploads\/2021\/10\/stheinrich_icon_2.png\" class=\"attachment-large size-large wp-image-236\" alt=\"\" \/>\t\t\t\t\t\t\t\t\t\t\t\t\t<\/div>\n\t\t\t\t<\/div>\n\t\t\t\t\t<\/div>\n\t\t<\/div>\n\t\t\t\t<div class=\"elementor-column elementor-col-50 elementor-inner-column elementor-element elementor-element-03c477f\" data-id=\"03c477f\" data-element_type=\"column\">\n\t\t\t<div class=\"elementor-widget-wrap elementor-element-populated\">\n\t\t\t\t\t\t<div class=\"elementor-element elementor-element-e1e0fda elementor-widget elementor-widget-heading\" data-id=\"e1e0fda\" data-element_type=\"widget\" data-widget_type=\"heading.default\">\n\t\t\t\t<div class=\"elementor-widget-container\">\n\t\t\t<style>\/*! elementor - v3.23.0 - 05-08-2024 *\/\n.elementor-heading-title{padding:0;margin:0;line-height:1}.elementor-widget-heading .elementor-heading-title[class*=elementor-size-]>a{color:inherit;font-size:inherit;line-height:inherit}.elementor-widget-heading .elementor-heading-title.elementor-size-small{font-size:15px}.elementor-widget-heading .elementor-heading-title.elementor-size-medium{font-size:19px}.elementor-widget-heading .elementor-heading-title.elementor-size-large{font-size:29px}.elementor-widget-heading .elementor-heading-title.elementor-size-xl{font-size:39px}.elementor-widget-heading .elementor-heading-title.elementor-size-xxl{font-size:59px}<\/style><h2 class=\"elementor-heading-title elementor-size-default\">Emperador Enrique II.<\/h2>\t\t<\/div>\n\t\t\t\t<\/div>\n\t\t\t\t\t<\/div>\n\t\t<\/div>\n\t\t\t\t\t<\/div>\n\t\t<\/section>\n\t\t\t\t<div class=\"elementor-element elementor-element-37dfba0 elementor-widget elementor-widget-text-editor\" data-id=\"37dfba0\" data-element_type=\"widget\" data-widget_type=\"text-editor.default\">\n\t\t\t\t<div class=\"elementor-widget-container\">\n\t\t\t<style>\/*! elementor - v3.23.0 - 05-08-2024 *\/\n.elementor-widget-text-editor.elementor-drop-cap-view-stacked .elementor-drop-cap{background-color:#69727d;color:#fff}.elementor-widget-text-editor.elementor-drop-cap-view-framed .elementor-drop-cap{color:#69727d;border:3px solid;background-color:transparent}.elementor-widget-text-editor:not(.elementor-drop-cap-view-default) .elementor-drop-cap{margin-top:8px}.elementor-widget-text-editor:not(.elementor-drop-cap-view-default) .elementor-drop-cap-letter{width:1em;height:1em}.elementor-widget-text-editor .elementor-drop-cap{float:left;text-align:center;line-height:1;font-size:50px}.elementor-widget-text-editor .elementor-drop-cap-letter{display:inline-block}<\/style>\t\t\t\t<p>Enrique II nace en el seno de la dinast\u00eda otona el 6 de mayo de 973. Tras su coronaci\u00f3n como rey de los francos orientales en julio de 1002, el papa Benedicto VIII unge a Enrique II emperador del Sacro Imperio Romano Germ\u00e1nico el 14 de febrero de 1014. Enrique II Emperador del Sacro Imperio Romano Germ\u00e1nico el 14 de febrero de 1014. Estaba casado con Cunegonde de Luxemburgo. El matrimonio no tuvo descendencia, por lo que Enrique II fue el \u00faltimo emperador de la dinast\u00eda otomana.\u00a0<span style=\"color: var( --e-global-color-text ); font-size: 1rem;\">La muerte de Enrique II el 13 de julio de 1024 marc\u00f3 el final del periodo otomano en el trono del Sacro Imperio Romano Germ\u00e1nico.<\/span><\/p><p>La vida y obra de Enrique II (*973 - \u2020 1024) se aborda y discute en publicaciones especializadas de primer orden. Debido a la complejidad de las fuentes medievales, no conviene ofrecer aqu\u00ed ninguna interpretaci\u00f3n adicional. He aqu\u00ed s\u00f3lo algunas fechas clave que perfilan el reinado de Enrique II.<\/p><p>El reinado de Enrique II va acompa\u00f1ado de varios conflictos militares. Enrique II consolida y estabiliza su reino estrechando los lazos con la Iglesia Cat\u00f3lica y libra una guerra contra el pr\u00edncipe polaco Boleslaw I Chrobry.<\/p><p>Enrique II cae gravemente enfermo mientras viaja a Magdeburgo y muere en Grona, cerca de Gotinga, en 1024; su tumba se encuentra en la catedral de Bamberg. Enrique II fue canonizado en 1146. La Baja Edad Media destac\u00f3 su compromiso con la difusi\u00f3n y consolidaci\u00f3n del cristianismo en el contexto de su canonizaci\u00f3n. Pol\u00edticamente, Enrique II se esforz\u00f3 por \"restaurar el Imperio Romano\" y fund\u00f3 la di\u00f3cesis de Bamberg en 1007. Su compromiso con la difusi\u00f3n del cristianismo y su cercan\u00eda a la Iglesia cat\u00f3lica romana fueron factores que contribuyeron al \u00e9xito de su reinado. El imperio de Enrique II abarcaba partes significativas de las actuales Alemania, Francia, Austria, Pa\u00edses Bajos y B\u00e9lgica, Italia y partes de Croacia, y puede entenderse como un Estado europeo, sobre todo teniendo en cuenta los medios de comunicaci\u00f3n tan sencillos de la Edad Media.<\/p>\t\t\t\t\t\t<\/div>\n\t\t\t\t<\/div>\n\t\t\t\t\t<\/div>\n\t\t<\/div>\n\t\t\t\t<div class=\"elementor-column elementor-col-50 elementor-top-column elementor-element elementor-element-01c4370\" data-id=\"01c4370\" data-element_type=\"column\">\n\t\t\t<div class=\"elementor-widget-wrap elementor-element-populated\">\n\t\t\t\t\t\t<div class=\"elementor-element elementor-element-2d44bd6 elementor-widget elementor-widget-image\" data-id=\"2d44bd6\" data-element_type=\"widget\" data-widget_type=\"image.default\">\n\t\t\t\t<div class=\"elementor-widget-container\">\n\t\t\t\t\t\t\t\t\t\t\t\t\t<img fetchpriority=\"high\" decoding=\"async\" width=\"400\" height=\"400\" src=\"https:\/\/st-heinrichs-orden.von-sachsen.eu\/wp-content\/uploads\/2021\/10\/keisergrab.jpg\" class=\"attachment-large size-large wp-image-412\" alt=\"\" \/>\t\t\t\t\t\t\t\t\t\t\t\t\t<\/div>\n\t\t\t\t<\/div>\n\t\t\t\t\t<\/div>\n\t\t<\/div>\n\t\t\t\t\t<\/div>\n\t\t<\/section>\n\t\t\t\t<section class=\"elementor-section elementor-top-section elementor-element elementor-element-e912760 elementor-section-boxed elementor-section-height-default elementor-section-height-default\" data-id=\"e912760\" data-element_type=\"section\">\n\t\t\t\t\t\t<div class=\"elementor-container elementor-column-gap-default\">\n\t\t\t\t\t<div class=\"elementor-column elementor-col-100 elementor-top-column elementor-element elementor-element-8807a19\" data-id=\"8807a19\" data-element_type=\"column\">\n\t\t\t<div class=\"elementor-widget-wrap elementor-element-populated\">\n\t\t\t\t\t\t<div class=\"elementor-element elementor-element-62680a0 elementor-arrows-position-inside elementor-pagination-position-outside elementor-widget elementor-widget-image-carousel\" data-id=\"62680a0\" data-element_type=\"widget\" data-settings=\"{&quot;navigation&quot;:&quot;both&quot;,&quot;autoplay&quot;:&quot;yes&quot;,&quot;pause_on_hover&quot;:&quot;yes&quot;,&quot;pause_on_interaction&quot;:&quot;yes&quot;,&quot;autoplay_speed&quot;:5000,&quot;infinite&quot;:&quot;yes&quot;,&quot;speed&quot;:500}\" data-widget_type=\"image-carousel.default\">\n\t\t\t\t<div class=\"elementor-widget-container\">\n\t\t\t<style>\/*! elementor - v3.23.0 - 05-08-2024 *\/\n.elementor-widget-image-carousel .swiper,.elementor-widget-image-carousel .swiper-container{position:static}.elementor-widget-image-carousel .swiper-container .swiper-slide figure,.elementor-widget-image-carousel .swiper .swiper-slide figure{line-height:inherit}.elementor-widget-image-carousel .swiper-slide{text-align:center}.elementor-image-carousel-wrapper:not(.swiper-container-initialized):not(.swiper-initialized) .swiper-slide{max-width:calc(100% \/ var(--e-image-carousel-slides-to-show, 3))}<\/style>\t\t<div class=\"elementor-image-carousel-wrapper swiper\" dir=\"ltr\">\n\t\t\t<div class=\"elementor-image-carousel swiper-wrapper\" aria-live=\"off\">\n\t\t\t\t\t\t\t\t<div class=\"swiper-slide\" role=\"group\" aria-roledescription=\"slide\" aria-label=\"1 en 4\"><a data-elementor-open-lightbox=\"yes\" data-elementor-lightbox-slideshow=\"62680a0\" data-e-action-hash=\"#elementor-action%3Aaction%3Dlightbox%26settings%3DeyJpZCI6NDE2LCJ1cmwiOiJodHRwczpcL1wvc3QtaGVpbnJpY2hzLW9yZGVuLnZvbi1zYWNoc2VuLmV1XC93cC1jb250ZW50XC91cGxvYWRzXC8yMDIxXC8xMFwvRFNDXzAwNTktMjAyMV8wM18yNS0yMF8zOV8yMy1VVEMuanBnIiwic2xpZGVzaG93IjoiNjI2ODBhMCJ9\" href=\"https:\/\/st-heinrichs-orden.von-sachsen.eu\/wp-content\/uploads\/2021\/10\/DSC_0059-2021_03_25-20_39_23-UTC.jpg\"><figure class=\"swiper-slide-inner\"><img decoding=\"async\" class=\"swiper-slide-image\" src=\"https:\/\/st-heinrichs-orden.von-sachsen.eu\/wp-content\/uploads\/2021\/10\/DSC_0059-2021_03_25-20_39_23-UTC.jpg\" alt=\"DSC_0059 (2021_03_25 20_39_23 UTC)\" \/><\/figure><\/a><\/div><div class=\"swiper-slide\" role=\"group\" aria-roledescription=\"slide\" aria-label=\"2 en 4\"><a data-elementor-open-lightbox=\"yes\" data-elementor-lightbox-slideshow=\"62680a0\" data-e-action-hash=\"#elementor-action%3Aaction%3Dlightbox%26settings%3DeyJpZCI6NDE1LCJ1cmwiOiJodHRwczpcL1wvc3QtaGVpbnJpY2hzLW9yZGVuLnZvbi1zYWNoc2VuLmV1XC93cC1jb250ZW50XC91cGxvYWRzXC8yMDIxXC8xMFwvRFNDXzAwNTktMjAyMV8wM18yNS0yMF8zOV8yMy1VVEMtS29waWUuanBnIiwic2xpZGVzaG93IjoiNjI2ODBhMCJ9\" href=\"https:\/\/st-heinrichs-orden.von-sachsen.eu\/wp-content\/uploads\/2021\/10\/DSC_0059-2021_03_25-20_39_23-UTC-Kopie.jpg\"><figure class=\"swiper-slide-inner\"><img decoding=\"async\" class=\"swiper-slide-image\" src=\"https:\/\/st-heinrichs-orden.von-sachsen.eu\/wp-content\/uploads\/2021\/10\/DSC_0059-2021_03_25-20_39_23-UTC-Kopie.jpg\" alt=\"DSC_0059 (2021_03_25 20_39_23 UTC) - Kopie\" \/><\/figure><\/a><\/div><div class=\"swiper-slide\" role=\"group\" aria-roledescription=\"slide\" aria-label=\"3 en 4\"><a data-elementor-open-lightbox=\"yes\" data-elementor-lightbox-slideshow=\"62680a0\" data-e-action-hash=\"#elementor-action%3Aaction%3Dlightbox%26settings%3DeyJpZCI6NDEzLCJ1cmwiOiJodHRwczpcL1wvc3QtaGVpbnJpY2hzLW9yZGVuLnZvbi1zYWNoc2VuLmV1XC93cC1jb250ZW50XC91cGxvYWRzXC8yMDIxXC8xMFwvRFNDXzAwNjctMjAyMV8wM18yNS0yMF8zOV8yMy1VVEMtS29waWUuanBnIiwic2xpZGVzaG93IjoiNjI2ODBhMCJ9\" href=\"https:\/\/st-heinrichs-orden.von-sachsen.eu\/wp-content\/uploads\/2021\/10\/DSC_0067-2021_03_25-20_39_23-UTC-Kopie.jpg\"><figure class=\"swiper-slide-inner\"><img decoding=\"async\" class=\"swiper-slide-image\" src=\"https:\/\/st-heinrichs-orden.von-sachsen.eu\/wp-content\/uploads\/2021\/10\/DSC_0067-2021_03_25-20_39_23-UTC-Kopie.jpg\" alt=\"DSC_0067 (2021_03_25 20_39_23 UTC) - Kopie\" \/><\/figure><\/a><\/div><div class=\"swiper-slide\" role=\"group\" aria-roledescription=\"slide\" aria-label=\"4 en 4\"><a data-elementor-open-lightbox=\"yes\" data-elementor-lightbox-slideshow=\"62680a0\" data-e-action-hash=\"#elementor-action%3Aaction%3Dlightbox%26settings%3DeyJpZCI6NDE3LCJ1cmwiOiJodHRwczpcL1wvc3QtaGVpbnJpY2hzLW9yZGVuLnZvbi1zYWNoc2VuLmV1XC93cC1jb250ZW50XC91cGxvYWRzXC8yMDIxXC8xMFwvRFNDXzAwNDEuanBlZyIsInNsaWRlc2hvdyI6IjYyNjgwYTAifQ%3D%3D\" href=\"https:\/\/st-heinrichs-orden.von-sachsen.eu\/wp-content\/uploads\/2021\/10\/DSC_0041.jpeg\"><figure class=\"swiper-slide-inner\"><img decoding=\"async\" class=\"swiper-slide-image\" src=\"https:\/\/st-heinrichs-orden.von-sachsen.eu\/wp-content\/uploads\/2021\/10\/DSC_0041.jpeg\" alt=\"DSC_0041\" \/><\/figure><\/a><\/div>\t\t\t<\/div>\n\t\t\t\t\t\t\t\t\t\t\t\t<div class=\"elementor-swiper-button elementor-swiper-button-prev\" role=\"button\" tabindex=\"0\">\n\t\t\t\t\t\t<i aria-hidden=\"true\" class=\"eicon-chevron-left\"><\/i>\t\t\t\t\t<\/div>\n\t\t\t\t\t<div class=\"elementor-swiper-button elementor-swiper-button-next\" role=\"button\" tabindex=\"0\">\n\t\t\t\t\t\t<i aria-hidden=\"true\" class=\"eicon-chevron-right\"><\/i>\t\t\t\t\t<\/div>\n\t\t\t\t\n\t\t\t\t\t\t\t\t\t<div class=\"swiper-pagination\"><\/div>\n\t\t\t\t\t\t\t\t\t<\/div>\n\t\t\t\t<\/div>\n\t\t\t\t<\/div>\n\t\t\t\t\t<\/div>\n\t\t<\/div>\n\t\t\t\t\t<\/div>\n\t\t<\/section>\n\t\t\t\t<\/div>","protected":false},"excerpt":{"rendered":"<p>Emperador Enrique II Enrique II nace en el seno de la dinast\u00eda otomana el 6 de mayo de 973. Tras su coronaci\u00f3n como Rey de los Francos Orientales en julio de 1002, el Papa Benedicto VIII unge a Enrique II Emperador el 14 de febrero de 1014. Enrique II Emperador del Sacro Imperio Romano Germ\u00e1nico el 14 de febrero de 1014. Estaba casado con Cunegonde de Luxemburgo. El matrimonio no tuvo descendencia, Enrique II fue [...]<\/p>","protected":false},"author":1,"featured_media":0,"parent":0,"menu_order":0,"comment_status":"closed","ping_status":"closed","template":"elementor_header_footer","meta":{"footnotes":""},"class_list":["post-28","page","type-page","status-publish","hentry"],"_links":{"self":[{"href":"https:\/\/st-heinrichs-orden.von-sachsen.eu\/es\/wp-json\/wp\/v2\/pages\/28","targetHints":{"allow":["GET"]}}],"collection":[{"href":"https:\/\/st-heinrichs-orden.von-sachsen.eu\/es\/wp-json\/wp\/v2\/pages"}],"about":[{"href":"https:\/\/st-heinrichs-orden.von-sachsen.eu\/es\/wp-json\/wp\/v2\/types\/page"}],"author":[{"embeddable":true,"href":"https:\/\/st-heinrichs-orden.von-sachsen.eu\/es\/wp-json\/wp\/v2\/users\/1"}],"replies":[{"embeddable":true,"href":"https:\/\/st-heinrichs-orden.von-sachsen.eu\/es\/wp-json\/wp\/v2\/comments?post=28"}],"version-history":[{"count":0,"href":"https:\/\/st-heinrichs-orden.von-sachsen.eu\/es\/wp-json\/wp\/v2\/pages\/28\/revisions"}],"wp:attachment":[{"href":"https:\/\/st-heinrichs-orden.von-sachsen.eu\/es\/wp-json\/wp\/v2\/media?parent=28"}],"curies":[{"name":"wp","href":"https:\/\/api.w.org\/{rel}","templated":true}]}}