{"id":200,"date":"2021-08-02T19:10:07","date_gmt":"2021-08-02T19:10:07","guid":{"rendered":"https:\/\/st-heinrichs-orden.von-sachsen.eu\/?page_id=200"},"modified":"2024-07-09T16:09:29","modified_gmt":"2024-07-09T16:09:29","slug":"impressum-2","status":"publish","type":"page","link":"https:\/\/st-heinrichs-orden.von-sachsen.eu\/fr\/impressum-2\/","title":{"rendered":"Mentions l\u00e9gales"},"content":{"rendered":"<div data-elementor-type=\"wp-page\" data-elementor-id=\"200\" class=\"elementor elementor-200\" data-elementor-post-type=\"page\">\n\t\t\t\t\t\t<section class=\"elementor-section elementor-top-section elementor-element elementor-element-d925587 elementor-section-boxed elementor-section-height-default elementor-section-height-default\" data-id=\"d925587\" data-element_type=\"section\">\n\t\t\t\t\t\t<div class=\"elementor-container elementor-column-gap-default\">\n\t\t\t\t\t<div class=\"elementor-column elementor-col-100 elementor-top-column elementor-element elementor-element-ef9df9b\" data-id=\"ef9df9b\" data-element_type=\"column\">\n\t\t\t<div class=\"elementor-widget-wrap elementor-element-populated\">\n\t\t\t\t\t\t<div class=\"elementor-element elementor-element-1ce22c5 elementor-widget elementor-widget-heading\" data-id=\"1ce22c5\" data-element_type=\"widget\" data-widget_type=\"heading.default\">\n\t\t\t\t<div class=\"elementor-widget-container\">\n\t\t\t<style>\/*! elementor - v3.23.0 - 05-08-2024 *\/\n.elementor-heading-title{padding:0;margin:0;line-height:1}.elementor-widget-heading .elementor-heading-title[class*=elementor-size-]>a{color:inherit;font-size:inherit;line-height:inherit}.elementor-widget-heading .elementor-heading-title.elementor-size-small{font-size:15px}.elementor-widget-heading .elementor-heading-title.elementor-size-medium{font-size:19px}.elementor-widget-heading .elementor-heading-title.elementor-size-large{font-size:29px}.elementor-widget-heading .elementor-heading-title.elementor-size-xl{font-size:39px}.elementor-widget-heading .elementor-heading-title.elementor-size-xxl{font-size:59px}<\/style><h2 class=\"elementor-heading-title elementor-size-default\">Mentions l\u00e9gales<\/h2>\t\t<\/div>\n\t\t\t\t<\/div>\n\t\t\t\t<div class=\"elementor-element elementor-element-734cd30 elementor-widget elementor-widget-text-editor\" data-id=\"734cd30\" data-element_type=\"widget\" data-widget_type=\"text-editor.default\">\n\t\t\t\t<div class=\"elementor-widget-container\">\n\t\t\t<style>\/*! elementor - v3.23.0 - 05-08-2024 *\/\n.elementor-widget-text-editor.elementor-drop-cap-view-stacked .elementor-drop-cap{background-color:#69727d;color:#fff}.elementor-widget-text-editor.elementor-drop-cap-view-framed .elementor-drop-cap{color:#69727d;border:3px solid;background-color:transparent}.elementor-widget-text-editor:not(.elementor-drop-cap-view-default) .elementor-drop-cap{margin-top:8px}.elementor-widget-text-editor:not(.elementor-drop-cap-view-default) .elementor-drop-cap-letter{width:1em;height:1em}.elementor-widget-text-editor .elementor-drop-cap{float:left;text-align:center;line-height:1;font-size:50px}.elementor-widget-text-editor .elementor-drop-cap-letter{display:inline-block}<\/style>\t\t\t\t<p>Ordre de Saint-Henri, e. V.<br \/>c\/o Niles Simmons Hegenscheidt<br \/>355, rue de Zwickau,<br \/>09117 Chemnitz<\/p><p>T\u00e9l : <a href=\"tel: 00493718020\">+49 (0) 371 8020<\/a><br \/>Courrier \u00e9lectronique : <a href=\"mailto:saxemex@gmail.com\">saxemex@gmail.com<\/a><br \/>Internet : <a href=\"https:\/\/st-heinrichs-orden.von-sachsen.eu\/fr\/\">www.St-heinrichs-orden.von-sachsen.eu<\/a><\/p><p>Comit\u00e9 directeur autoris\u00e9 \u00e0 repr\u00e9senter l'association :<br \/>Alexander Prinz von Sachsen (pr\u00e9sident),<br \/>Dr. E.h. Hans J. Naumann (vice-pr\u00e9sident), Dr. Gundela Metz (tr\u00e9sorier), Claus Ellrich (secr\u00e9taire)<br \/>Inscrite au registre des associations aupr\u00e8s du tribunal d'instance de Bamberg sous le num\u00e9ro VR 648<\/p><p>Num\u00e9ro d'identification fiscale : reconnu d'utilit\u00e9 publique par le Finanzamt Dresden-S\u00fcd (n\u00b0 de r\u00e9f\u00e9rence 203\/142 \/09649) conform\u00e9ment au \u00a7\u00a7 52 al. 2 phrase 1 n\u00b0 22 AO et donc exon\u00e9r\u00e9 de l'imp\u00f4t sur les soci\u00e9t\u00e9s en vertu du \u00a7 35 al. 1 n\u00b0 9 KStG et de la taxe professionnelle en vertu du \u00a7 3 n\u00b0 6 GewStG.<br \/>Responsable du contenu conform\u00e9ment au \u00a7 10 alin\u00e9a 3 MDStV : Claus Ellrich<br \/>des photographies : Famille de Saxe<br \/>Mention de responsabilit\u00e9 :<br \/>L'Ordre de Saint-Henri, e.V. v\u00e9rifie en permanence le contenu de son site web. N\u00e9anmoins, les donn\u00e9es peuvent avoir \u00e9t\u00e9 modifi\u00e9es entre-temps. Une responsabilit\u00e9 ou une garantie pour l'actualit\u00e9, l'exactitude et l'int\u00e9gralit\u00e9 des informations propos\u00e9es ici ne peut donc pas \u00eatre assum\u00e9e.<br \/>L'Ordre de Saint-Henri, e.V. n'est pas responsable du contenu des sites web auxquels il est fait r\u00e9f\u00e9rence par des hyperliens.<br \/>L'Ordre de Saint-Henri, e.V. se r\u00e9serve le droit de modifier ou de compl\u00e9ter les informations mises \u00e0 disposition.<br \/>Le contenu et la structure des pages web de l'ordre de Saint-Henri, e.V. sont prot\u00e9g\u00e9s par les droits d'auteur. La reproduction d'informations ou de donn\u00e9es, en particulier l'utilisation de textes, de parties de textes ou d'images, n\u00e9cessite l'accord pr\u00e9alable de l'Ordre de Saint-Henri, association d\u00e9clar\u00e9e.<\/p>\t\t\t\t\t\t<\/div>\n\t\t\t\t<\/div>\n\t\t\t\t\t<\/div>\n\t\t<\/div>\n\t\t\t\t\t<\/div>\n\t\t<\/section>\n\t\t\t\t<\/div>","protected":false},"excerpt":{"rendered":"<p>Impressum St. Heinrichsorden, e. V.c\/o Niles Simmons HegenscheidtZwickauer Str. 355,09117 Chemnitz T\u00e9l. : +49 (0) 371 8020E-Mail : saxemex@gmail.comInternet : www.St-heinrichs-orden.von-sachsen.eu Comit\u00e9 directeur autoris\u00e9 \u00e0 repr\u00e9senter:Alexander Prinz von Sachsen (Pr\u00e9sident),Dr. E.h. Hans J. Naumann (vice-pr\u00e9sident), Dr. Gundela Metz (tr\u00e9sorier), Claus Ellrich (secr\u00e9taire)Inscrite au registre des associations aupr\u00e8s du tribunal d'instance de Bamberg sous le num\u00e9ro VR 648 Num\u00e9ro d'identification fiscale : Reconnu d'utilit\u00e9 publique par l'administration fiscale de Dresde-Sud sous le num\u00e9ro Az. 203\/142 \/09649 conform\u00e9ment [...].<\/p>","protected":false},"author":1,"featured_media":0,"parent":0,"menu_order":0,"comment_status":"closed","ping_status":"closed","template":"elementor_header_footer","meta":{"footnotes":""},"class_list":["post-200","page","type-page","status-publish","hentry"],"_links":{"self":[{"href":"https:\/\/st-heinrichs-orden.von-sachsen.eu\/fr\/wp-json\/wp\/v2\/pages\/200","targetHints":{"allow":["GET"]}}],"collection":[{"href":"https:\/\/st-heinrichs-orden.von-sachsen.eu\/fr\/wp-json\/wp\/v2\/pages"}],"about":[{"href":"https:\/\/st-heinrichs-orden.von-sachsen.eu\/fr\/wp-json\/wp\/v2\/types\/page"}],"author":[{"embeddable":true,"href":"https:\/\/st-heinrichs-orden.von-sachsen.eu\/fr\/wp-json\/wp\/v2\/users\/1"}],"replies":[{"embeddable":true,"href":"https:\/\/st-heinrichs-orden.von-sachsen.eu\/fr\/wp-json\/wp\/v2\/comments?post=200"}],"version-history":[{"count":0,"href":"https:\/\/st-heinrichs-orden.von-sachsen.eu\/fr\/wp-json\/wp\/v2\/pages\/200\/revisions"}],"wp:attachment":[{"href":"https:\/\/st-heinrichs-orden.von-sachsen.eu\/fr\/wp-json\/wp\/v2\/media?parent=200"}],"curies":[{"name":"wp","href":"https:\/\/api.w.org\/{rel}","templated":true}]}}