{"id":24,"date":"2021-08-01T20:47:51","date_gmt":"2021-08-01T20:47:51","guid":{"rendered":"https:\/\/st-heinrichs-orden.von-sachsen.eu\/?page_id=24"},"modified":"2024-07-09T16:17:12","modified_gmt":"2024-07-09T16:17:12","slug":"gruswort","status":"publish","type":"page","link":"https:\/\/st-heinrichs-orden.von-sachsen.eu\/fr\/gruswort\/","title":{"rendered":"Mot de bienvenue"},"content":{"rendered":"<div data-elementor-type=\"wp-page\" data-elementor-id=\"24\" class=\"elementor elementor-24\" data-elementor-post-type=\"page\">\n\t\t\t\t\t\t<section class=\"elementor-section elementor-top-section elementor-element elementor-element-369917b elementor-section-boxed elementor-section-height-default elementor-section-height-default\" data-id=\"369917b\" data-element_type=\"section\">\n\t\t\t\t\t\t<div class=\"elementor-container elementor-column-gap-default\">\n\t\t\t\t\t<div class=\"elementor-column elementor-col-100 elementor-top-column elementor-element elementor-element-8fe72af\" data-id=\"8fe72af\" data-element_type=\"column\">\n\t\t\t<div class=\"elementor-widget-wrap elementor-element-populated\">\n\t\t\t\t\t\t<div class=\"elementor-element elementor-element-1973503 elementor-widget elementor-widget-image\" data-id=\"1973503\" data-element_type=\"widget\" data-widget_type=\"image.default\">\n\t\t\t\t<div class=\"elementor-widget-container\">\n\t\t\t<style>\/*! elementor - v3.23.0 - 05-08-2024 *\/\n.elementor-widget-image{text-align:center}.elementor-widget-image a{display:inline-block}.elementor-widget-image a img[src$=\".svg\"]{width:48px}.elementor-widget-image img{vertical-align:middle;display:inline-block}<\/style>\t\t\t\t\t\t\t\t\t\t<img decoding=\"async\" width=\"22\" height=\"30\" src=\"https:\/\/st-heinrichs-orden.von-sachsen.eu\/wp-content\/uploads\/2021\/10\/stheinrich_icon_2.png\" class=\"attachment-large size-large wp-image-236\" alt=\"\" \/>\t\t\t\t\t\t\t\t\t\t\t\t\t<\/div>\n\t\t\t\t<\/div>\n\t\t\t\t<section class=\"elementor-section elementor-inner-section elementor-element elementor-element-bd7a703 elementor-section-boxed elementor-section-height-default elementor-section-height-default\" data-id=\"bd7a703\" data-element_type=\"section\">\n\t\t\t\t\t\t<div class=\"elementor-container elementor-column-gap-default\">\n\t\t\t\t\t<div class=\"elementor-column elementor-col-50 elementor-inner-column elementor-element elementor-element-2a201c3\" data-id=\"2a201c3\" data-element_type=\"column\">\n\t\t\t<div class=\"elementor-widget-wrap elementor-element-populated\">\n\t\t\t\t\t\t<div class=\"elementor-element elementor-element-b74f8f8 elementor-widget elementor-widget-image\" data-id=\"b74f8f8\" data-element_type=\"widget\" data-widget_type=\"image.default\">\n\t\t\t\t<div class=\"elementor-widget-container\">\n\t\t\t\t\t\t\t\t\t\t\t\t\t<img fetchpriority=\"high\" decoding=\"async\" width=\"512\" height=\"409\" src=\"https:\/\/st-heinrichs-orden.von-sachsen.eu\/wp-content\/uploads\/2021\/10\/Alexander-von-Sachsen.jpg\" class=\"attachment-large size-large wp-image-225\" alt=\"\" srcset=\"https:\/\/st-heinrichs-orden.von-sachsen.eu\/wp-content\/uploads\/2021\/10\/Alexander-von-Sachsen.jpg 512w, https:\/\/st-heinrichs-orden.von-sachsen.eu\/wp-content\/uploads\/2021\/10\/Alexander-von-Sachsen-300x240.jpg 300w\" sizes=\"(max-width: 512px) 100vw, 512px\" \/>\t\t\t\t\t\t\t\t\t\t\t\t\t<\/div>\n\t\t\t\t<\/div>\n\t\t\t\t\t<\/div>\n\t\t<\/div>\n\t\t\t\t<div class=\"elementor-column elementor-col-50 elementor-inner-column elementor-element elementor-element-5a76979\" data-id=\"5a76979\" data-element_type=\"column\">\n\t\t\t<div class=\"elementor-widget-wrap elementor-element-populated\">\n\t\t\t\t\t\t<div class=\"elementor-element elementor-element-5bc795c elementor-widget elementor-widget-heading\" data-id=\"5bc795c\" data-element_type=\"widget\" data-widget_type=\"heading.default\">\n\t\t\t\t<div class=\"elementor-widget-container\">\n\t\t\t<style>\/*! elementor - v3.23.0 - 05-08-2024 *\/\n.elementor-heading-title{padding:0;margin:0;line-height:1}.elementor-widget-heading .elementor-heading-title[class*=elementor-size-]>a{color:inherit;font-size:inherit;line-height:inherit}.elementor-widget-heading .elementor-heading-title.elementor-size-small{font-size:15px}.elementor-widget-heading .elementor-heading-title.elementor-size-medium{font-size:19px}.elementor-widget-heading .elementor-heading-title.elementor-size-large{font-size:29px}.elementor-widget-heading .elementor-heading-title.elementor-size-xl{font-size:39px}.elementor-widget-heading .elementor-heading-title.elementor-size-xxl{font-size:59px}<\/style><h2 class=\"elementor-heading-title elementor-size-default\">Mot de bienvenue du ma\u00eetre de l'Ordre<\/h2>\t\t<\/div>\n\t\t\t\t<\/div>\n\t\t\t\t<div class=\"elementor-element elementor-element-e00a1e6 elementor-widget elementor-widget-text-editor\" data-id=\"e00a1e6\" data-element_type=\"widget\" data-widget_type=\"text-editor.default\">\n\t\t\t\t<div class=\"elementor-widget-container\">\n\t\t\t<style>\/*! elementor - v3.23.0 - 05-08-2024 *\/\n.elementor-widget-text-editor.elementor-drop-cap-view-stacked .elementor-drop-cap{background-color:#69727d;color:#fff}.elementor-widget-text-editor.elementor-drop-cap-view-framed .elementor-drop-cap{color:#69727d;border:3px solid;background-color:transparent}.elementor-widget-text-editor:not(.elementor-drop-cap-view-default) .elementor-drop-cap{margin-top:8px}.elementor-widget-text-editor:not(.elementor-drop-cap-view-default) .elementor-drop-cap-letter{width:1em;height:1em}.elementor-widget-text-editor .elementor-drop-cap{float:left;text-align:center;line-height:1;font-size:50px}.elementor-widget-text-editor .elementor-drop-cap-letter{display:inline-block}<\/style>\t\t\t\t<p>Suivant la tradition v\u00e9cue des grands esprits humanistes de l'histoire europ\u00e9enne, dont l'\u0153uvre a toujours d\u00e9pass\u00e9 les fronti\u00e8res et n'a jamais eu une orientation r\u00e9gionale, mais toujours europ\u00e9enne et internationale, l'objectif du travail de l'Ordre de Saint-Henri est de g\u00e9n\u00e9rer, de fonder et de promouvoir des initiatives qui s'engagent \u00e0 un d\u00e9veloppement durable pour la Saxe, l'Allemagne et l'Europe, et qui remettent en question de mani\u00e8re critique les \u00e9v\u00e9nements contemporains.<\/p><p>L'exemple d'une conduite irr\u00e9prochable, la formation d'une personnalit\u00e9 propre et le courage moral sont des vertus qui existent depuis toujours. Malheureusement, au 21e si\u00e8cle, l'intol\u00e9rance et l'exclusion, mais aussi le d\u00e9classement \u00e9conomique et la d\u00e9mesure individuelle, deviennent de nouveaux vices.<\/p><p>La disposition \u00e0 l'humilit\u00e9, au renoncement ainsi que le service \u00e0 la communaut\u00e9 et l'affirmation des racines chr\u00e9tiennes jettent un pont vers des valeurs occidentales \u00e9prouv\u00e9es. L'Ordre de Saint-Henri s'inscrit dans cette lign\u00e9e, tant par son patronyme, l'empereur Henri II, que par la noblesse des exigences v\u00e9cues par ses membres.<\/p><p>Nous sommes donc toujours ouverts aux suggestions, aux \u00e9changes d'id\u00e9es constructifs et vivants, aux id\u00e9es de projets et aux initiatives.<\/p><p>Votre<\/p><p>Prince Alexander Margrave de Meissen Duc de Saxe<\/p>\t\t\t\t\t\t<\/div>\n\t\t\t\t<\/div>\n\t\t\t\t\t<\/div>\n\t\t<\/div>\n\t\t\t\t\t<\/div>\n\t\t<\/section>\n\t\t\t\t\t<\/div>\n\t\t<\/div>\n\t\t\t\t\t<\/div>\n\t\t<\/section>\n\t\t\t\t<\/div>","protected":false},"excerpt":{"rendered":"<p>Mot d'accueil du Ma\u00eetre de l'Ordre Suivant la tradition v\u00e9cue des grands esprits humanistes de l'histoire europ\u00e9enne, dont l'\u0153uvre de vie a toujours agi par-del\u00e0 les fronti\u00e8res et n'a jamais \u00e9t\u00e9 r\u00e9gionale, mais toujours europ\u00e9enne, internationale, l'objectif du travail de l'Ordre de Saint-Henri est de g\u00e9n\u00e9rer, de fonder et de promouvoir des initiatives qui s'engagent \u00e0 un d\u00e9veloppement durable pour la Saxe, l'Allemagne et l'Europe [...].<\/p>","protected":false},"author":1,"featured_media":0,"parent":0,"menu_order":0,"comment_status":"closed","ping_status":"closed","template":"elementor_header_footer","meta":{"footnotes":""},"class_list":["post-24","page","type-page","status-publish","hentry"],"_links":{"self":[{"href":"https:\/\/st-heinrichs-orden.von-sachsen.eu\/fr\/wp-json\/wp\/v2\/pages\/24","targetHints":{"allow":["GET"]}}],"collection":[{"href":"https:\/\/st-heinrichs-orden.von-sachsen.eu\/fr\/wp-json\/wp\/v2\/pages"}],"about":[{"href":"https:\/\/st-heinrichs-orden.von-sachsen.eu\/fr\/wp-json\/wp\/v2\/types\/page"}],"author":[{"embeddable":true,"href":"https:\/\/st-heinrichs-orden.von-sachsen.eu\/fr\/wp-json\/wp\/v2\/users\/1"}],"replies":[{"embeddable":true,"href":"https:\/\/st-heinrichs-orden.von-sachsen.eu\/fr\/wp-json\/wp\/v2\/comments?post=24"}],"version-history":[{"count":0,"href":"https:\/\/st-heinrichs-orden.von-sachsen.eu\/fr\/wp-json\/wp\/v2\/pages\/24\/revisions"}],"wp:attachment":[{"href":"https:\/\/st-heinrichs-orden.von-sachsen.eu\/fr\/wp-json\/wp\/v2\/media?parent=24"}],"curies":[{"name":"wp","href":"https:\/\/api.w.org\/{rel}","templated":true}]}}