{"id":26,"date":"2021-08-01T20:48:12","date_gmt":"2021-08-01T20:48:12","guid":{"rendered":"https:\/\/st-heinrichs-orden.von-sachsen.eu\/?page_id=26"},"modified":"2024-07-09T16:22:27","modified_gmt":"2024-07-09T16:22:27","slug":"geschichte","status":"publish","type":"page","link":"https:\/\/st-heinrichs-orden.von-sachsen.eu\/fr\/geschichte\/","title":{"rendered":"Histoire"},"content":{"rendered":"<div data-elementor-type=\"wp-page\" data-elementor-id=\"26\" class=\"elementor elementor-26\" data-elementor-post-type=\"page\">\n\t\t\t\t\t\t<section class=\"elementor-section elementor-top-section elementor-element elementor-element-982dae8 elementor-section-boxed elementor-section-height-default elementor-section-height-default\" data-id=\"982dae8\" data-element_type=\"section\">\n\t\t\t\t\t\t<div class=\"elementor-container elementor-column-gap-default\">\n\t\t\t\t\t<div class=\"elementor-column elementor-col-50 elementor-top-column elementor-element elementor-element-76379c1\" data-id=\"76379c1\" data-element_type=\"column\">\n\t\t\t<div class=\"elementor-widget-wrap elementor-element-populated\">\n\t\t\t\t\t\t<section class=\"elementor-section elementor-inner-section elementor-element elementor-element-9e741fe elementor-section-boxed elementor-section-height-default elementor-section-height-default\" data-id=\"9e741fe\" data-element_type=\"section\">\n\t\t\t\t\t\t<div class=\"elementor-container elementor-column-gap-default\">\n\t\t\t\t\t<div class=\"elementor-column elementor-col-50 elementor-inner-column elementor-element elementor-element-8d1c806\" data-id=\"8d1c806\" data-element_type=\"column\">\n\t\t\t<div class=\"elementor-widget-wrap elementor-element-populated\">\n\t\t\t\t\t\t<div class=\"elementor-element elementor-element-558f77c elementor-widget elementor-widget-image\" data-id=\"558f77c\" data-element_type=\"widget\" data-widget_type=\"image.default\">\n\t\t\t\t<div class=\"elementor-widget-container\">\n\t\t\t<style>\/*! elementor - v3.23.0 - 05-08-2024 *\/\n.elementor-widget-image{text-align:center}.elementor-widget-image a{display:inline-block}.elementor-widget-image a img[src$=\".svg\"]{width:48px}.elementor-widget-image img{vertical-align:middle;display:inline-block}<\/style>\t\t\t\t\t\t\t\t\t\t<img decoding=\"async\" width=\"22\" height=\"30\" src=\"https:\/\/st-heinrichs-orden.von-sachsen.eu\/wp-content\/uploads\/2021\/10\/stheinrich_icon_2.png\" class=\"attachment-large size-large wp-image-236\" alt=\"\" \/>\t\t\t\t\t\t\t\t\t\t\t\t\t<\/div>\n\t\t\t\t<\/div>\n\t\t\t\t\t<\/div>\n\t\t<\/div>\n\t\t\t\t<div class=\"elementor-column elementor-col-50 elementor-inner-column elementor-element elementor-element-d685b58\" data-id=\"d685b58\" data-element_type=\"column\">\n\t\t\t<div class=\"elementor-widget-wrap elementor-element-populated\">\n\t\t\t\t\t\t<div class=\"elementor-element elementor-element-74c0b93 elementor-widget elementor-widget-heading\" data-id=\"74c0b93\" data-element_type=\"widget\" data-widget_type=\"heading.default\">\n\t\t\t\t<div class=\"elementor-widget-container\">\n\t\t\t<style>\/*! elementor - v3.23.0 - 05-08-2024 *\/\n.elementor-heading-title{padding:0;margin:0;line-height:1}.elementor-widget-heading .elementor-heading-title[class*=elementor-size-]>a{color:inherit;font-size:inherit;line-height:inherit}.elementor-widget-heading .elementor-heading-title.elementor-size-small{font-size:15px}.elementor-widget-heading .elementor-heading-title.elementor-size-medium{font-size:19px}.elementor-widget-heading .elementor-heading-title.elementor-size-large{font-size:29px}.elementor-widget-heading .elementor-heading-title.elementor-size-xl{font-size:39px}.elementor-widget-heading .elementor-heading-title.elementor-size-xxl{font-size:59px}<\/style><h1 class=\"elementor-heading-title elementor-size-default\">Histoire de l'Ordre<\/h1>\t\t<\/div>\n\t\t\t\t<\/div>\n\t\t\t\t\t<\/div>\n\t\t<\/div>\n\t\t\t\t\t<\/div>\n\t\t<\/section>\n\t\t\t\t<div class=\"elementor-element elementor-element-fd929ff elementor-widget elementor-widget-text-editor\" data-id=\"fd929ff\" data-element_type=\"widget\" data-widget_type=\"text-editor.default\">\n\t\t\t\t<div class=\"elementor-widget-container\">\n\t\t\t<style>\/*! elementor - v3.23.0 - 05-08-2024 *\/\n.elementor-widget-text-editor.elementor-drop-cap-view-stacked .elementor-drop-cap{background-color:#69727d;color:#fff}.elementor-widget-text-editor.elementor-drop-cap-view-framed .elementor-drop-cap{color:#69727d;border:3px solid;background-color:transparent}.elementor-widget-text-editor:not(.elementor-drop-cap-view-default) .elementor-drop-cap{margin-top:8px}.elementor-widget-text-editor:not(.elementor-drop-cap-view-default) .elementor-drop-cap-letter{width:1em;height:1em}.elementor-widget-text-editor .elementor-drop-cap{float:left;text-align:center;line-height:1;font-size:50px}.elementor-widget-text-editor .elementor-drop-cap-letter{display:inline-block}<\/style>\t\t\t\t<p>Fond\u00e9 par le prince \u00e9lecteur Fr\u00e9d\u00e9ric-Auguste II de Saxe (roi Auguste III de Pologne) (*1696 - \u20201763) le 7 octobre 1736, l'Ordre militaire de Saint-Henri \u00e9tait jusqu'en 1807 une distinction de bravoure, une reconnaissance du courage militaire plut\u00f4t rarement attribu\u00e9e. Ce n'est qu'apr\u00e8s les guerres napol\u00e9oniennes que l'Ordre a \u00e9t\u00e9 refond\u00e9 et a re\u00e7u des statuts le 23 d\u00e9cembre 1829 par le roi Anton de Saxe.<\/p><p>Afin de poursuivre et de pr\u00e9server la tradition de l'ordre fond\u00e9 en 1736 apr\u00e8s la fin de la monarchie en Saxe, pr\u00e8s de 300 titulaires de l'ordre de Saint-Henri et de la m\u00e9daille de Saint-Henri, r\u00e9compens\u00e9s pendant la Premi\u00e8re Guerre mondiale, se sont r\u00e9unis d\u00e8s 1959 \u00e0 Bamberg pour former le \"Convent de l'ordre royal militaire saxon de Saint-Henri\" sous la \"dignit\u00e9 de grand ma\u00eetre\" du margrave Friedrich Christian. En 1975, le margrave Maria Emanuel fonda l'\"Association des titulaires de l'insigne de Saint-Henri\" et en 1985 l'association \"St.-Heinrich-Orden e.V. Bamberg\", qui existe encore aujourd'hui. Avec la cr\u00e9ation de l'association, les traditions du couvent de l'ordre royal de Saxe ont disparu. Heinrich et donc \u00e0 l'association St. Heinrich Orden e.V..<\/p>\t\t\t\t\t\t<\/div>\n\t\t\t\t<\/div>\n\t\t\t\t\t<\/div>\n\t\t<\/div>\n\t\t\t\t<div class=\"elementor-column elementor-col-50 elementor-top-column elementor-element elementor-element-30b281f\" data-id=\"30b281f\" data-element_type=\"column\">\n\t\t\t<div class=\"elementor-widget-wrap elementor-element-populated\">\n\t\t\t\t\t\t<div class=\"elementor-element elementor-element-9bc93ba elementor-widget elementor-widget-image\" data-id=\"9bc93ba\" data-element_type=\"widget\" data-widget_type=\"image.default\">\n\t\t\t\t<div class=\"elementor-widget-container\">\n\t\t\t\t\t\t\t\t\t\t\t\t\t<img fetchpriority=\"high\" decoding=\"async\" width=\"1082\" height=\"1395\" src=\"https:\/\/st-heinrichs-orden.von-sachsen.eu\/wp-content\/uploads\/2021\/10\/august-II..jpg\" class=\"attachment-large size-large wp-image-407\" alt=\"\" srcset=\"https:\/\/st-heinrichs-orden.von-sachsen.eu\/wp-content\/uploads\/2021\/10\/august-II..jpg 1082w, https:\/\/st-heinrichs-orden.von-sachsen.eu\/wp-content\/uploads\/2021\/10\/august-II.-768x990.jpg 768w\" sizes=\"(max-width: 1082px) 100vw, 1082px\" \/>\t\t\t\t\t\t\t\t\t\t\t\t\t<\/div>\n\t\t\t\t<\/div>\n\t\t\t\t\t<\/div>\n\t\t<\/div>\n\t\t\t\t\t<\/div>\n\t\t<\/section>\n\t\t\t\t<section class=\"elementor-section elementor-top-section elementor-element elementor-element-775f5ca elementor-section-boxed elementor-section-height-default elementor-section-height-default\" data-id=\"775f5ca\" data-element_type=\"section\">\n\t\t\t\t\t\t<div class=\"elementor-container elementor-column-gap-default\">\n\t\t\t\t\t<div class=\"elementor-column elementor-col-100 elementor-top-column elementor-element elementor-element-b2da2b2\" data-id=\"b2da2b2\" data-element_type=\"column\">\n\t\t\t<div class=\"elementor-widget-wrap elementor-element-populated\">\n\t\t\t\t\t\t<section class=\"elementor-section elementor-inner-section elementor-element elementor-element-1525fc4 elementor-section-boxed elementor-section-height-default elementor-section-height-default\" data-id=\"1525fc4\" data-element_type=\"section\">\n\t\t\t\t\t\t<div class=\"elementor-container elementor-column-gap-default\">\n\t\t\t\t\t<div class=\"elementor-column elementor-col-50 elementor-inner-column elementor-element elementor-element-c2d17b3\" data-id=\"c2d17b3\" data-element_type=\"column\">\n\t\t\t<div class=\"elementor-widget-wrap elementor-element-populated\">\n\t\t\t\t\t\t<div class=\"elementor-element elementor-element-5cfb5ae elementor-widget elementor-widget-image\" data-id=\"5cfb5ae\" data-element_type=\"widget\" data-widget_type=\"image.default\">\n\t\t\t\t<div class=\"elementor-widget-container\">\n\t\t\t\t\t\t\t\t\t\t\t\t\t<img decoding=\"async\" width=\"22\" height=\"30\" src=\"https:\/\/st-heinrichs-orden.von-sachsen.eu\/wp-content\/uploads\/2021\/10\/stheinrich_icon_2.png\" class=\"attachment-large size-large wp-image-236\" alt=\"\" \/>\t\t\t\t\t\t\t\t\t\t\t\t\t<\/div>\n\t\t\t\t<\/div>\n\t\t\t\t\t<\/div>\n\t\t<\/div>\n\t\t\t\t<div class=\"elementor-column elementor-col-50 elementor-inner-column elementor-element elementor-element-b6a38ac\" data-id=\"b6a38ac\" data-element_type=\"column\">\n\t\t\t<div class=\"elementor-widget-wrap elementor-element-populated\">\n\t\t\t\t\t\t<div class=\"elementor-element elementor-element-7e5b21e elementor-widget elementor-widget-heading\" data-id=\"7e5b21e\" data-element_type=\"widget\" data-widget_type=\"heading.default\">\n\t\t\t\t<div class=\"elementor-widget-container\">\n\t\t\t<h2 class=\"elementor-heading-title elementor-size-default\">Investiture<\/h2>\t\t<\/div>\n\t\t\t\t<\/div>\n\t\t\t\t\t<\/div>\n\t\t<\/div>\n\t\t\t\t\t<\/div>\n\t\t<\/section>\n\t\t\t\t<div class=\"elementor-element elementor-element-18db193 elementor-widget elementor-widget-text-editor\" data-id=\"18db193\" data-element_type=\"widget\" data-widget_type=\"text-editor.default\">\n\t\t\t\t<div class=\"elementor-widget-container\">\n\t\t\t\t\t\t\t<p>Le cercle de l'Ordre de Saint-Heinrich est limit\u00e9 \u00e0 30 Chevaliers et 6 Chevaliers Commandeurs. L'admission dans l'Ordre se fait sur d\u00e9cision du Comit\u00e9 directeur. L'Ordre choisit d\u00e9lib\u00e9r\u00e9ment, par un discours personnel, les personnalit\u00e9s qui ont fait leurs preuves par leur action et leur parcours de vie, conform\u00e9ment \u00e0 la devise et aux principes directeurs de l'Ordre.<\/p><p>Il n'existe aucun droit \u00e0 \u00eatre admis dans l'Ordre.<\/p>\t\t\t\t\t\t<\/div>\n\t\t\t\t<\/div>\n\t\t\t\t\t<\/div>\n\t\t<\/div>\n\t\t\t\t\t<\/div>\n\t\t<\/section>\n\t\t\t\t<section class=\"elementor-section elementor-top-section elementor-element elementor-element-79ed887 elementor-section-boxed elementor-section-height-default elementor-section-height-default\" data-id=\"79ed887\" data-element_type=\"section\" data-settings=\"{&quot;background_background&quot;:&quot;classic&quot;}\">\n\t\t\t\t\t\t<div class=\"elementor-container elementor-column-gap-default\">\n\t\t\t\t\t<div class=\"elementor-column elementor-col-50 elementor-top-column elementor-element elementor-element-25b2586\" data-id=\"25b2586\" data-element_type=\"column\" data-settings=\"{&quot;background_background&quot;:&quot;classic&quot;}\">\n\t\t\t<div class=\"elementor-widget-wrap elementor-element-populated\">\n\t\t\t\t\t\t<div class=\"elementor-element elementor-element-b28068e elementor-widget elementor-widget-spacer\" data-id=\"b28068e\" data-element_type=\"widget\" data-widget_type=\"spacer.default\">\n\t\t\t\t<div class=\"elementor-widget-container\">\n\t\t\t<style>\/*! elementor - v3.23.0 - 05-08-2024 *\/\n.elementor-column .elementor-spacer-inner{height:var(--spacer-size)}.e-con{--container-widget-width:100%}.e-con-inner>.elementor-widget-spacer,.e-con>.elementor-widget-spacer{width:var(--container-widget-width,var(--spacer-size));--align-self:var(--container-widget-align-self,initial);--flex-shrink:0}.e-con-inner>.elementor-widget-spacer>.elementor-widget-container,.e-con>.elementor-widget-spacer>.elementor-widget-container{height:100%;width:100%}.e-con-inner>.elementor-widget-spacer>.elementor-widget-container>.elementor-spacer,.e-con>.elementor-widget-spacer>.elementor-widget-container>.elementor-spacer{height:100%}.e-con-inner>.elementor-widget-spacer>.elementor-widget-container>.elementor-spacer>.elementor-spacer-inner,.e-con>.elementor-widget-spacer>.elementor-widget-container>.elementor-spacer>.elementor-spacer-inner{height:var(--container-widget-height,var(--spacer-size))}.e-con-inner>.elementor-widget-spacer.elementor-widget-empty,.e-con>.elementor-widget-spacer.elementor-widget-empty{position:relative;min-height:22px;min-width:22px}.e-con-inner>.elementor-widget-spacer.elementor-widget-empty .elementor-widget-empty-icon,.e-con>.elementor-widget-spacer.elementor-widget-empty .elementor-widget-empty-icon{position:absolute;top:0;bottom:0;left:0;right:0;margin:auto;padding:0;width:22px;height:22px}<\/style>\t\t<div class=\"elementor-spacer\">\n\t\t\t<div class=\"elementor-spacer-inner\"><\/div>\n\t\t<\/div>\n\t\t\t\t<\/div>\n\t\t\t\t<\/div>\n\t\t\t\t\t<\/div>\n\t\t<\/div>\n\t\t\t\t<div class=\"elementor-column elementor-col-50 elementor-top-column elementor-element elementor-element-c66e8ef\" data-id=\"c66e8ef\" data-element_type=\"column\">\n\t\t\t<div class=\"elementor-widget-wrap elementor-element-populated\">\n\t\t\t\t\t\t<section class=\"elementor-section elementor-inner-section elementor-element elementor-element-f38af1a elementor-section-boxed elementor-section-height-default elementor-section-height-default\" data-id=\"f38af1a\" data-element_type=\"section\">\n\t\t\t\t\t\t<div class=\"elementor-container elementor-column-gap-default\">\n\t\t\t\t\t<div class=\"elementor-column elementor-col-50 elementor-inner-column elementor-element elementor-element-778711a\" data-id=\"778711a\" data-element_type=\"column\">\n\t\t\t<div class=\"elementor-widget-wrap elementor-element-populated\">\n\t\t\t\t\t\t<div class=\"elementor-element elementor-element-c3d3a10 elementor-widget elementor-widget-image\" data-id=\"c3d3a10\" data-element_type=\"widget\" data-widget_type=\"image.default\">\n\t\t\t\t<div class=\"elementor-widget-container\">\n\t\t\t\t\t\t\t\t\t\t\t\t\t<img decoding=\"async\" width=\"22\" height=\"30\" src=\"https:\/\/st-heinrichs-orden.von-sachsen.eu\/wp-content\/uploads\/2021\/10\/stheinrich_icon_2.png\" class=\"attachment-large size-large wp-image-236\" alt=\"\" \/>\t\t\t\t\t\t\t\t\t\t\t\t\t<\/div>\n\t\t\t\t<\/div>\n\t\t\t\t\t<\/div>\n\t\t<\/div>\n\t\t\t\t<div class=\"elementor-column elementor-col-50 elementor-inner-column elementor-element elementor-element-a818805\" data-id=\"a818805\" data-element_type=\"column\">\n\t\t\t<div class=\"elementor-widget-wrap elementor-element-populated\">\n\t\t\t\t\t\t<div class=\"elementor-element elementor-element-4d3e6a5 elementor-widget elementor-widget-heading\" data-id=\"4d3e6a5\" data-element_type=\"widget\" data-widget_type=\"heading.default\">\n\t\t\t\t<div class=\"elementor-widget-container\">\n\t\t\t<h2 class=\"elementor-heading-title elementor-size-default\">Epingle de Saint-Henri<\/h2>\t\t<\/div>\n\t\t\t\t<\/div>\n\t\t\t\t\t<\/div>\n\t\t<\/div>\n\t\t\t\t\t<\/div>\n\t\t<\/section>\n\t\t\t\t<div class=\"elementor-element elementor-element-adf3f3f elementor-widget elementor-widget-text-editor\" data-id=\"adf3f3f\" data-element_type=\"widget\" data-widget_type=\"text-editor.default\">\n\t\t\t\t<div class=\"elementor-widget-container\">\n\t\t\t\t\t\t\t<p>La fin du royaume de Saxe en 1918 et l'entr\u00e9e en vigueur de la Constitution de Weimar en 1919 marquent la fin de l'histoire de l'Ordre militaire de Saint-Henri, qui n'est plus d\u00e9cern\u00e9 depuis lors. Il fut remplac\u00e9 par l'\"\u00e9pingle de Saint-Heinrich\", cr\u00e9\u00e9e le 31 d\u00e9cembre 1963 \u00e0 l'occasion du 70e anniversaire du margrave Friedrich Christian de Meissen, en tant que \"classe de paix\" de l'Ordre. Le patronyme est - selon la longue tradition des maisons souveraines allemandes - Henri IV (duc de Bavi\u00e8re de 995 \u00e0 1004 et de 1009 \u00e0 1017) qui, sous le nom d'Henri II, fut roi du royaume de Francie orientale de 1002 \u00e0 1024 et empereur du Saint Empire romain germanique de 1014 \u00e0 1024.<\/p>\t\t\t\t\t\t<\/div>\n\t\t\t\t<\/div>\n\t\t\t\t\t<\/div>\n\t\t<\/div>\n\t\t\t\t\t<\/div>\n\t\t<\/section>\n\t\t\t\t<\/div>","protected":false},"excerpt":{"rendered":"<p>Histoire de l'Ordre Fond\u00e9 par le prince \u00e9lecteur Fr\u00e9d\u00e9ric-Auguste II de Saxe (roi Auguste III de Pologne) (*1696 - \u20201763) le 7 octobre 1736, l'Ordre militaire de Saint-Henri \u00e9tait jusqu'en 1807 une distinction de bravoure, une reconnaissance du courage militaire plut\u00f4t rarement attribu\u00e9e. Ce n'est qu'apr\u00e8s les guerres napol\u00e9oniennes que l'Ordre a \u00e9t\u00e9 refond\u00e9 et a re\u00e7u le 23 d\u00e9cembre 1829, par le roi Anton [...].<\/p>","protected":false},"author":1,"featured_media":0,"parent":0,"menu_order":0,"comment_status":"closed","ping_status":"closed","template":"elementor_header_footer","meta":{"footnotes":""},"class_list":["post-26","page","type-page","status-publish","hentry"],"_links":{"self":[{"href":"https:\/\/st-heinrichs-orden.von-sachsen.eu\/fr\/wp-json\/wp\/v2\/pages\/26","targetHints":{"allow":["GET"]}}],"collection":[{"href":"https:\/\/st-heinrichs-orden.von-sachsen.eu\/fr\/wp-json\/wp\/v2\/pages"}],"about":[{"href":"https:\/\/st-heinrichs-orden.von-sachsen.eu\/fr\/wp-json\/wp\/v2\/types\/page"}],"author":[{"embeddable":true,"href":"https:\/\/st-heinrichs-orden.von-sachsen.eu\/fr\/wp-json\/wp\/v2\/users\/1"}],"replies":[{"embeddable":true,"href":"https:\/\/st-heinrichs-orden.von-sachsen.eu\/fr\/wp-json\/wp\/v2\/comments?post=26"}],"version-history":[{"count":0,"href":"https:\/\/st-heinrichs-orden.von-sachsen.eu\/fr\/wp-json\/wp\/v2\/pages\/26\/revisions"}],"wp:attachment":[{"href":"https:\/\/st-heinrichs-orden.von-sachsen.eu\/fr\/wp-json\/wp\/v2\/media?parent=26"}],"curies":[{"name":"wp","href":"https:\/\/api.w.org\/{rel}","templated":true}]}}